{"id":405,"date":"2023-10-17T17:22:12","date_gmt":"2023-10-17T15:22:12","guid":{"rendered":"https:\/\/dev.mielcafedesign.com\/lcdesign\/?page_id=405"},"modified":"2024-01-29T17:13:55","modified_gmt":"2024-01-29T16:13:55","slug":"social","status":"publish","type":"page","link":"https:\/\/lacavalli.com\/es\/sectores\/social\/","title":{"rendered":"Social"},"content":{"rendered":"","protected":false},"excerpt":{"rendered":"","protected":false},"author":2,"featured_media":353,"parent":256,"menu_order":0,"comment_status":"closed","ping_status":"closed","template":"","meta":{"_monsterinsights_skip_tracking":false,"_monsterinsights_sitenote_active":false,"_monsterinsights_sitenote_note":"","_monsterinsights_sitenote_category":0,"footnotes":""},"class_list":["post-405","page","type-page","status-publish","has-post-thumbnail","hentry"],"yoast_head":"<!-- This site is optimized with the Yoast SEO plugin v27.2 - https:\/\/yoast.com\/product\/yoast-seo-wordpress\/ -->\n<title>Servicio de Interpretaci\u00f3n Social &#8226; Laura Cavalli<\/title>\n<meta name=\"description\" content=\"El servicio de interpretaci\u00f3n social est\u00e1 disponible del espa\u00f1ol y ingl\u00e9s al italiano y viceversa.\" \/>\n<meta name=\"robots\" content=\"index, follow, max-snippet:-1, max-image-preview:large, max-video-preview:-1\" \/>\n<link rel=\"canonical\" href=\"https:\/\/lacavalli.com\/es\/sectores\/social\/\" \/>\n<meta property=\"og:locale\" content=\"es_ES\" \/>\n<meta property=\"og:type\" content=\"article\" \/>\n<meta property=\"og:title\" content=\"Servicio de Interpretaci\u00f3n Social &#8226; Laura Cavalli\" \/>\n<meta property=\"og:description\" content=\"El servicio de interpretaci\u00f3n social est\u00e1 disponible del espa\u00f1ol y ingl\u00e9s al italiano y viceversa.\" \/>\n<meta property=\"og:url\" content=\"https:\/\/lacavalli.com\/es\/sectores\/social\/\" \/>\n<meta property=\"og:site_name\" content=\"Laura Cavalli\" \/>\n<meta property=\"article:modified_time\" content=\"2024-01-29T16:13:55+00:00\" \/>\n<meta property=\"og:image\" content=\"https:\/\/lacavalli.com\/es\/wp-content\/uploads\/sites\/3\/2023\/10\/servicios-traduccion-espanol-italiano-577x1024.webp\" \/>\n\t<meta property=\"og:image:width\" content=\"577\" \/>\n\t<meta property=\"og:image:height\" content=\"1024\" \/>\n\t<meta property=\"og:image:type\" content=\"image\/webp\" \/>\n<meta name=\"twitter:card\" content=\"summary_large_image\" \/>\n<script type=\"application\/ld+json\" class=\"yoast-schema-graph\">{\"@context\":\"https:\/\/schema.org\",\"@graph\":[{\"@type\":\"WebPage\",\"@id\":\"https:\/\/lacavalli.com\/es\/sectores\/social\/\",\"url\":\"https:\/\/lacavalli.com\/es\/sectores\/social\/\",\"name\":\"Servicio de Interpretaci\u00f3n Social &#8226; Laura Cavalli\",\"isPartOf\":{\"@id\":\"https:\/\/lacavalli.com\/es\/#website\"},\"primaryImageOfPage\":{\"@id\":\"https:\/\/lacavalli.com\/es\/sectores\/social\/#primaryimage\"},\"image\":{\"@id\":\"https:\/\/lacavalli.com\/es\/sectores\/social\/#primaryimage\"},\"thumbnailUrl\":\"https:\/\/lacavalli.com\/es\/wp-content\/uploads\/sites\/3\/2023\/10\/servicios-traduccion-espanol-italiano.webp\",\"datePublished\":\"2023-10-17T15:22:12+00:00\",\"dateModified\":\"2024-01-29T16:13:55+00:00\",\"description\":\"El servicio de interpretaci\u00f3n social est\u00e1 disponible del espa\u00f1ol y ingl\u00e9s al italiano y viceversa.\",\"breadcrumb\":{\"@id\":\"https:\/\/lacavalli.com\/es\/sectores\/social\/#breadcrumb\"},\"inLanguage\":\"es\",\"potentialAction\":[{\"@type\":\"ReadAction\",\"target\":[\"https:\/\/lacavalli.com\/es\/sectores\/social\/\"]}]},{\"@type\":\"ImageObject\",\"inLanguage\":\"es\",\"@id\":\"https:\/\/lacavalli.com\/es\/sectores\/social\/#primaryimage\",\"url\":\"https:\/\/lacavalli.com\/es\/wp-content\/uploads\/sites\/3\/2023\/10\/servicios-traduccion-espanol-italiano.webp\",\"contentUrl\":\"https:\/\/lacavalli.com\/es\/wp-content\/uploads\/sites\/3\/2023\/10\/servicios-traduccion-espanol-italiano.webp\",\"width\":3000,\"height\":5328,\"caption\":\"Servicios traducci\u00f3n espa\u00f1ol-italiano\"},{\"@type\":\"BreadcrumbList\",\"@id\":\"https:\/\/lacavalli.com\/es\/sectores\/social\/#breadcrumb\",\"itemListElement\":[{\"@type\":\"ListItem\",\"position\":1,\"name\":\"Home\",\"item\":\"https:\/\/lacavalli.com\/es\/\"},{\"@type\":\"ListItem\",\"position\":2,\"name\":\"Sectores\",\"item\":\"https:\/\/lacavalli.com\/es\/sectores\/\"},{\"@type\":\"ListItem\",\"position\":3,\"name\":\"Social\"}]},{\"@type\":\"WebSite\",\"@id\":\"https:\/\/lacavalli.com\/es\/#website\",\"url\":\"https:\/\/lacavalli.com\/es\/\",\"name\":\"Laura Cavalli\",\"description\":\"Int\u00e9rprete y traductora\",\"publisher\":{\"@id\":\"https:\/\/lacavalli.com\/es\/#\/schema\/person\/b4eb4fd0ec38998726ae07a20811b10e\"},\"potentialAction\":[{\"@type\":\"SearchAction\",\"target\":{\"@type\":\"EntryPoint\",\"urlTemplate\":\"https:\/\/lacavalli.com\/es\/?s={search_term_string}\"},\"query-input\":{\"@type\":\"PropertyValueSpecification\",\"valueRequired\":true,\"valueName\":\"search_term_string\"}}],\"inLanguage\":\"es\"},{\"@type\":[\"Person\",\"Organization\"],\"@id\":\"https:\/\/lacavalli.com\/es\/#\/schema\/person\/b4eb4fd0ec38998726ae07a20811b10e\",\"name\":\"Laura Cavalli\",\"image\":{\"@type\":\"ImageObject\",\"inLanguage\":\"es\",\"@id\":\"https:\/\/lacavalli.com\/es\/wp-content\/uploads\/sites\/3\/2023\/10\/laura-cavalli-servicios-interpretacion-ingles-italiano.webp\",\"url\":\"https:\/\/lacavalli.com\/es\/wp-content\/uploads\/sites\/3\/2023\/10\/laura-cavalli-servicios-interpretacion-ingles-italiano.webp\",\"contentUrl\":\"https:\/\/lacavalli.com\/es\/wp-content\/uploads\/sites\/3\/2023\/10\/laura-cavalli-servicios-interpretacion-ingles-italiano.webp\",\"width\":1500,\"height\":2664,\"caption\":\"Laura Cavalli\"},\"logo\":{\"@id\":\"https:\/\/lacavalli.com\/es\/wp-content\/uploads\/sites\/3\/2023\/10\/laura-cavalli-servicios-interpretacion-ingles-italiano.webp\"},\"sameAs\":[\"https:\/\/lacavalli.com\",\"https:\/\/www.instagram.com\/lacavalliracconta\/\",\"http:\/\/www.linkedin.com\/in\/lacavalli\"]}]}<\/script>\n<!-- \/ Yoast SEO plugin. -->","yoast_head_json":{"title":"Servicio de Interpretaci\u00f3n Social &#8226; Laura Cavalli","description":"El servicio de interpretaci\u00f3n social est\u00e1 disponible del espa\u00f1ol y ingl\u00e9s al italiano y viceversa.","robots":{"index":"index","follow":"follow","max-snippet":"max-snippet:-1","max-image-preview":"max-image-preview:large","max-video-preview":"max-video-preview:-1"},"canonical":"https:\/\/lacavalli.com\/es\/sectores\/social\/","og_locale":"es_ES","og_type":"article","og_title":"Servicio de Interpretaci\u00f3n Social &#8226; Laura Cavalli","og_description":"El servicio de interpretaci\u00f3n social est\u00e1 disponible del espa\u00f1ol y ingl\u00e9s al italiano y viceversa.","og_url":"https:\/\/lacavalli.com\/es\/sectores\/social\/","og_site_name":"Laura Cavalli","article_modified_time":"2024-01-29T16:13:55+00:00","og_image":[{"width":577,"height":1024,"url":"https:\/\/lacavalli.com\/es\/wp-content\/uploads\/sites\/3\/2023\/10\/servicios-traduccion-espanol-italiano-577x1024.webp","type":"image\/webp"}],"twitter_card":"summary_large_image","schema":{"@context":"https:\/\/schema.org","@graph":[{"@type":"WebPage","@id":"https:\/\/lacavalli.com\/es\/sectores\/social\/","url":"https:\/\/lacavalli.com\/es\/sectores\/social\/","name":"Servicio de Interpretaci\u00f3n Social &#8226; Laura Cavalli","isPartOf":{"@id":"https:\/\/lacavalli.com\/es\/#website"},"primaryImageOfPage":{"@id":"https:\/\/lacavalli.com\/es\/sectores\/social\/#primaryimage"},"image":{"@id":"https:\/\/lacavalli.com\/es\/sectores\/social\/#primaryimage"},"thumbnailUrl":"https:\/\/lacavalli.com\/es\/wp-content\/uploads\/sites\/3\/2023\/10\/servicios-traduccion-espanol-italiano.webp","datePublished":"2023-10-17T15:22:12+00:00","dateModified":"2024-01-29T16:13:55+00:00","description":"El servicio de interpretaci\u00f3n social est\u00e1 disponible del espa\u00f1ol y ingl\u00e9s al italiano y viceversa.","breadcrumb":{"@id":"https:\/\/lacavalli.com\/es\/sectores\/social\/#breadcrumb"},"inLanguage":"es","potentialAction":[{"@type":"ReadAction","target":["https:\/\/lacavalli.com\/es\/sectores\/social\/"]}]},{"@type":"ImageObject","inLanguage":"es","@id":"https:\/\/lacavalli.com\/es\/sectores\/social\/#primaryimage","url":"https:\/\/lacavalli.com\/es\/wp-content\/uploads\/sites\/3\/2023\/10\/servicios-traduccion-espanol-italiano.webp","contentUrl":"https:\/\/lacavalli.com\/es\/wp-content\/uploads\/sites\/3\/2023\/10\/servicios-traduccion-espanol-italiano.webp","width":3000,"height":5328,"caption":"Servicios traducci\u00f3n espa\u00f1ol-italiano"},{"@type":"BreadcrumbList","@id":"https:\/\/lacavalli.com\/es\/sectores\/social\/#breadcrumb","itemListElement":[{"@type":"ListItem","position":1,"name":"Home","item":"https:\/\/lacavalli.com\/es\/"},{"@type":"ListItem","position":2,"name":"Sectores","item":"https:\/\/lacavalli.com\/es\/sectores\/"},{"@type":"ListItem","position":3,"name":"Social"}]},{"@type":"WebSite","@id":"https:\/\/lacavalli.com\/es\/#website","url":"https:\/\/lacavalli.com\/es\/","name":"Laura Cavalli","description":"Int\u00e9rprete y traductora","publisher":{"@id":"https:\/\/lacavalli.com\/es\/#\/schema\/person\/b4eb4fd0ec38998726ae07a20811b10e"},"potentialAction":[{"@type":"SearchAction","target":{"@type":"EntryPoint","urlTemplate":"https:\/\/lacavalli.com\/es\/?s={search_term_string}"},"query-input":{"@type":"PropertyValueSpecification","valueRequired":true,"valueName":"search_term_string"}}],"inLanguage":"es"},{"@type":["Person","Organization"],"@id":"https:\/\/lacavalli.com\/es\/#\/schema\/person\/b4eb4fd0ec38998726ae07a20811b10e","name":"Laura Cavalli","image":{"@type":"ImageObject","inLanguage":"es","@id":"https:\/\/lacavalli.com\/es\/wp-content\/uploads\/sites\/3\/2023\/10\/laura-cavalli-servicios-interpretacion-ingles-italiano.webp","url":"https:\/\/lacavalli.com\/es\/wp-content\/uploads\/sites\/3\/2023\/10\/laura-cavalli-servicios-interpretacion-ingles-italiano.webp","contentUrl":"https:\/\/lacavalli.com\/es\/wp-content\/uploads\/sites\/3\/2023\/10\/laura-cavalli-servicios-interpretacion-ingles-italiano.webp","width":1500,"height":2664,"caption":"Laura Cavalli"},"logo":{"@id":"https:\/\/lacavalli.com\/es\/wp-content\/uploads\/sites\/3\/2023\/10\/laura-cavalli-servicios-interpretacion-ingles-italiano.webp"},"sameAs":["https:\/\/lacavalli.com","https:\/\/www.instagram.com\/lacavalliracconta\/","http:\/\/www.linkedin.com\/in\/lacavalli"]}]}},"_links":{"self":[{"href":"https:\/\/lacavalli.com\/es\/wp-json\/wp\/v2\/pages\/405","targetHints":{"allow":["GET"]}}],"collection":[{"href":"https:\/\/lacavalli.com\/es\/wp-json\/wp\/v2\/pages"}],"about":[{"href":"https:\/\/lacavalli.com\/es\/wp-json\/wp\/v2\/types\/page"}],"author":[{"embeddable":true,"href":"https:\/\/lacavalli.com\/es\/wp-json\/wp\/v2\/users\/2"}],"replies":[{"embeddable":true,"href":"https:\/\/lacavalli.com\/es\/wp-json\/wp\/v2\/comments?post=405"}],"version-history":[{"count":1,"href":"https:\/\/lacavalli.com\/es\/wp-json\/wp\/v2\/pages\/405\/revisions"}],"predecessor-version":[{"id":570,"href":"https:\/\/lacavalli.com\/es\/wp-json\/wp\/v2\/pages\/405\/revisions\/570"}],"up":[{"embeddable":true,"href":"https:\/\/lacavalli.com\/es\/wp-json\/wp\/v2\/pages\/256"}],"wp:featuredmedia":[{"embeddable":true,"href":"https:\/\/lacavalli.com\/es\/wp-json\/wp\/v2\/media\/353"}],"wp:attachment":[{"href":"https:\/\/lacavalli.com\/es\/wp-json\/wp\/v2\/media?parent=405"}],"curies":[{"name":"wp","href":"https:\/\/api.w.org\/{rel}","templated":true}]}}