{"id":335,"date":"2023-10-06T14:06:35","date_gmt":"2023-10-06T12:06:35","guid":{"rendered":"https:\/\/dev.mielcafedesign.com\/lcdesign\/?page_id=335"},"modified":"2024-01-29T16:20:42","modified_gmt":"2024-01-29T15:20:42","slug":"traduccion","status":"publish","type":"page","link":"https:\/\/lacavalli.com\/es\/ingles-italiano\/traduccion\/","title":{"rendered":"Traducci\u00f3n EN-IT"},"content":{"rendered":"","protected":false},"excerpt":{"rendered":"","protected":false},"author":2,"featured_media":323,"parent":329,"menu_order":0,"comment_status":"closed","ping_status":"closed","template":"","meta":{"_monsterinsights_skip_tracking":false,"_monsterinsights_sitenote_active":false,"_monsterinsights_sitenote_note":"","_monsterinsights_sitenote_category":0,"footnotes":""},"class_list":["post-335","page","type-page","status-publish","has-post-thumbnail","hentry"],"yoast_head":"<!-- This site is optimized with the Yoast SEO plugin v27.2 - https:\/\/yoast.com\/product\/yoast-seo-wordpress\/ -->\n<title>Traductora Profesional de Ingl\u00e9s a Italiano &#8226; Laura Cavalli<\/title>\n<meta name=\"description\" content=\"Traduzco tus textos del ingl\u00e9s al italiano con fidelidad, eligiendo con cuidado las palabras que utilizo en funci\u00f3n de su significado y del efecto que quieres producir.\" \/>\n<meta name=\"robots\" content=\"index, follow, max-snippet:-1, max-image-preview:large, max-video-preview:-1\" \/>\n<link rel=\"canonical\" href=\"https:\/\/lacavalli.com\/es\/ingles-italiano\/traduccion\/\" \/>\n<meta property=\"og:locale\" content=\"es_ES\" \/>\n<meta property=\"og:type\" content=\"article\" \/>\n<meta property=\"og:title\" content=\"Traductora Profesional de Ingl\u00e9s a Italiano &#8226; Laura Cavalli\" \/>\n<meta property=\"og:description\" content=\"Traduzco tus textos del ingl\u00e9s al italiano con fidelidad, eligiendo con cuidado las palabras que utilizo en funci\u00f3n de su significado y del efecto que quieres producir.\" \/>\n<meta property=\"og:url\" content=\"https:\/\/lacavalli.com\/es\/ingles-italiano\/traduccion\/\" \/>\n<meta property=\"og:site_name\" content=\"Laura Cavalli\" \/>\n<meta property=\"article:modified_time\" content=\"2024-01-29T15:20:42+00:00\" \/>\n<meta property=\"og:image\" content=\"https:\/\/lacavalli.com\/es\/wp-content\/uploads\/sites\/3\/2023\/10\/laura-interpreter-translator.webp\" \/>\n\t<meta property=\"og:image:width\" content=\"1500\" \/>\n\t<meta property=\"og:image:height\" content=\"845\" \/>\n\t<meta property=\"og:image:type\" content=\"image\/webp\" \/>\n<meta name=\"twitter:card\" content=\"summary_large_image\" \/>\n<script type=\"application\/ld+json\" class=\"yoast-schema-graph\">{\"@context\":\"https:\/\/schema.org\",\"@graph\":[{\"@type\":\"WebPage\",\"@id\":\"https:\/\/lacavalli.com\/es\/ingles-italiano\/traduccion\/\",\"url\":\"https:\/\/lacavalli.com\/es\/ingles-italiano\/traduccion\/\",\"name\":\"Traductora Profesional de Ingl\u00e9s a Italiano &#8226; Laura Cavalli\",\"isPartOf\":{\"@id\":\"https:\/\/lacavalli.com\/es\/#website\"},\"primaryImageOfPage\":{\"@id\":\"https:\/\/lacavalli.com\/es\/ingles-italiano\/traduccion\/#primaryimage\"},\"image\":{\"@id\":\"https:\/\/lacavalli.com\/es\/ingles-italiano\/traduccion\/#primaryimage\"},\"thumbnailUrl\":\"https:\/\/lacavalli.com\/es\/wp-content\/uploads\/sites\/3\/2023\/10\/laura-interpreter-translator.webp\",\"datePublished\":\"2023-10-06T12:06:35+00:00\",\"dateModified\":\"2024-01-29T15:20:42+00:00\",\"description\":\"Traduzco tus textos del ingl\u00e9s al italiano con fidelidad, eligiendo con cuidado las palabras que utilizo en funci\u00f3n de su significado y del efecto que quieres producir.\",\"breadcrumb\":{\"@id\":\"https:\/\/lacavalli.com\/es\/ingles-italiano\/traduccion\/#breadcrumb\"},\"inLanguage\":\"es\",\"potentialAction\":[{\"@type\":\"ReadAction\",\"target\":[\"https:\/\/lacavalli.com\/es\/ingles-italiano\/traduccion\/\"]}]},{\"@type\":\"ImageObject\",\"inLanguage\":\"es\",\"@id\":\"https:\/\/lacavalli.com\/es\/ingles-italiano\/traduccion\/#primaryimage\",\"url\":\"https:\/\/lacavalli.com\/es\/wp-content\/uploads\/sites\/3\/2023\/10\/laura-interpreter-translator.webp\",\"contentUrl\":\"https:\/\/lacavalli.com\/es\/wp-content\/uploads\/sites\/3\/2023\/10\/laura-interpreter-translator.webp\",\"width\":1500,\"height\":845,\"caption\":\"Laura interpreter and translator\"},{\"@type\":\"BreadcrumbList\",\"@id\":\"https:\/\/lacavalli.com\/es\/ingles-italiano\/traduccion\/#breadcrumb\",\"itemListElement\":[{\"@type\":\"ListItem\",\"position\":1,\"name\":\"Home\",\"item\":\"https:\/\/lacavalli.com\/es\/\"},{\"@type\":\"ListItem\",\"position\":2,\"name\":\"Del ingl\u00e9s al italiano y viceversa\",\"item\":\"https:\/\/lacavalli.com\/es\/ingles-italiano\/\"},{\"@type\":\"ListItem\",\"position\":3,\"name\":\"Traducci\u00f3n EN-IT\"}]},{\"@type\":\"WebSite\",\"@id\":\"https:\/\/lacavalli.com\/es\/#website\",\"url\":\"https:\/\/lacavalli.com\/es\/\",\"name\":\"Laura Cavalli\",\"description\":\"Int\u00e9rprete y traductora\",\"publisher\":{\"@id\":\"https:\/\/lacavalli.com\/es\/#\/schema\/person\/b4eb4fd0ec38998726ae07a20811b10e\"},\"potentialAction\":[{\"@type\":\"SearchAction\",\"target\":{\"@type\":\"EntryPoint\",\"urlTemplate\":\"https:\/\/lacavalli.com\/es\/?s={search_term_string}\"},\"query-input\":{\"@type\":\"PropertyValueSpecification\",\"valueRequired\":true,\"valueName\":\"search_term_string\"}}],\"inLanguage\":\"es\"},{\"@type\":[\"Person\",\"Organization\"],\"@id\":\"https:\/\/lacavalli.com\/es\/#\/schema\/person\/b4eb4fd0ec38998726ae07a20811b10e\",\"name\":\"Laura Cavalli\",\"image\":{\"@type\":\"ImageObject\",\"inLanguage\":\"es\",\"@id\":\"https:\/\/lacavalli.com\/es\/wp-content\/uploads\/sites\/3\/2023\/10\/laura-cavalli-servicios-interpretacion-ingles-italiano.webp\",\"url\":\"https:\/\/lacavalli.com\/es\/wp-content\/uploads\/sites\/3\/2023\/10\/laura-cavalli-servicios-interpretacion-ingles-italiano.webp\",\"contentUrl\":\"https:\/\/lacavalli.com\/es\/wp-content\/uploads\/sites\/3\/2023\/10\/laura-cavalli-servicios-interpretacion-ingles-italiano.webp\",\"width\":1500,\"height\":2664,\"caption\":\"Laura Cavalli\"},\"logo\":{\"@id\":\"https:\/\/lacavalli.com\/es\/wp-content\/uploads\/sites\/3\/2023\/10\/laura-cavalli-servicios-interpretacion-ingles-italiano.webp\"},\"sameAs\":[\"https:\/\/lacavalli.com\",\"https:\/\/www.instagram.com\/lacavalliracconta\/\",\"http:\/\/www.linkedin.com\/in\/lacavalli\"]}]}<\/script>\n<!-- \/ Yoast SEO plugin. -->","yoast_head_json":{"title":"Traductora Profesional de Ingl\u00e9s a Italiano &#8226; Laura Cavalli","description":"Traduzco tus textos del ingl\u00e9s al italiano con fidelidad, eligiendo con cuidado las palabras que utilizo en funci\u00f3n de su significado y del efecto que quieres producir.","robots":{"index":"index","follow":"follow","max-snippet":"max-snippet:-1","max-image-preview":"max-image-preview:large","max-video-preview":"max-video-preview:-1"},"canonical":"https:\/\/lacavalli.com\/es\/ingles-italiano\/traduccion\/","og_locale":"es_ES","og_type":"article","og_title":"Traductora Profesional de Ingl\u00e9s a Italiano &#8226; Laura Cavalli","og_description":"Traduzco tus textos del ingl\u00e9s al italiano con fidelidad, eligiendo con cuidado las palabras que utilizo en funci\u00f3n de su significado y del efecto que quieres producir.","og_url":"https:\/\/lacavalli.com\/es\/ingles-italiano\/traduccion\/","og_site_name":"Laura Cavalli","article_modified_time":"2024-01-29T15:20:42+00:00","og_image":[{"width":1500,"height":845,"url":"https:\/\/lacavalli.com\/es\/wp-content\/uploads\/sites\/3\/2023\/10\/laura-interpreter-translator.webp","type":"image\/webp"}],"twitter_card":"summary_large_image","schema":{"@context":"https:\/\/schema.org","@graph":[{"@type":"WebPage","@id":"https:\/\/lacavalli.com\/es\/ingles-italiano\/traduccion\/","url":"https:\/\/lacavalli.com\/es\/ingles-italiano\/traduccion\/","name":"Traductora Profesional de Ingl\u00e9s a Italiano &#8226; Laura Cavalli","isPartOf":{"@id":"https:\/\/lacavalli.com\/es\/#website"},"primaryImageOfPage":{"@id":"https:\/\/lacavalli.com\/es\/ingles-italiano\/traduccion\/#primaryimage"},"image":{"@id":"https:\/\/lacavalli.com\/es\/ingles-italiano\/traduccion\/#primaryimage"},"thumbnailUrl":"https:\/\/lacavalli.com\/es\/wp-content\/uploads\/sites\/3\/2023\/10\/laura-interpreter-translator.webp","datePublished":"2023-10-06T12:06:35+00:00","dateModified":"2024-01-29T15:20:42+00:00","description":"Traduzco tus textos del ingl\u00e9s al italiano con fidelidad, eligiendo con cuidado las palabras que utilizo en funci\u00f3n de su significado y del efecto que quieres producir.","breadcrumb":{"@id":"https:\/\/lacavalli.com\/es\/ingles-italiano\/traduccion\/#breadcrumb"},"inLanguage":"es","potentialAction":[{"@type":"ReadAction","target":["https:\/\/lacavalli.com\/es\/ingles-italiano\/traduccion\/"]}]},{"@type":"ImageObject","inLanguage":"es","@id":"https:\/\/lacavalli.com\/es\/ingles-italiano\/traduccion\/#primaryimage","url":"https:\/\/lacavalli.com\/es\/wp-content\/uploads\/sites\/3\/2023\/10\/laura-interpreter-translator.webp","contentUrl":"https:\/\/lacavalli.com\/es\/wp-content\/uploads\/sites\/3\/2023\/10\/laura-interpreter-translator.webp","width":1500,"height":845,"caption":"Laura interpreter and translator"},{"@type":"BreadcrumbList","@id":"https:\/\/lacavalli.com\/es\/ingles-italiano\/traduccion\/#breadcrumb","itemListElement":[{"@type":"ListItem","position":1,"name":"Home","item":"https:\/\/lacavalli.com\/es\/"},{"@type":"ListItem","position":2,"name":"Del ingl\u00e9s al italiano y viceversa","item":"https:\/\/lacavalli.com\/es\/ingles-italiano\/"},{"@type":"ListItem","position":3,"name":"Traducci\u00f3n EN-IT"}]},{"@type":"WebSite","@id":"https:\/\/lacavalli.com\/es\/#website","url":"https:\/\/lacavalli.com\/es\/","name":"Laura Cavalli","description":"Int\u00e9rprete y traductora","publisher":{"@id":"https:\/\/lacavalli.com\/es\/#\/schema\/person\/b4eb4fd0ec38998726ae07a20811b10e"},"potentialAction":[{"@type":"SearchAction","target":{"@type":"EntryPoint","urlTemplate":"https:\/\/lacavalli.com\/es\/?s={search_term_string}"},"query-input":{"@type":"PropertyValueSpecification","valueRequired":true,"valueName":"search_term_string"}}],"inLanguage":"es"},{"@type":["Person","Organization"],"@id":"https:\/\/lacavalli.com\/es\/#\/schema\/person\/b4eb4fd0ec38998726ae07a20811b10e","name":"Laura Cavalli","image":{"@type":"ImageObject","inLanguage":"es","@id":"https:\/\/lacavalli.com\/es\/wp-content\/uploads\/sites\/3\/2023\/10\/laura-cavalli-servicios-interpretacion-ingles-italiano.webp","url":"https:\/\/lacavalli.com\/es\/wp-content\/uploads\/sites\/3\/2023\/10\/laura-cavalli-servicios-interpretacion-ingles-italiano.webp","contentUrl":"https:\/\/lacavalli.com\/es\/wp-content\/uploads\/sites\/3\/2023\/10\/laura-cavalli-servicios-interpretacion-ingles-italiano.webp","width":1500,"height":2664,"caption":"Laura Cavalli"},"logo":{"@id":"https:\/\/lacavalli.com\/es\/wp-content\/uploads\/sites\/3\/2023\/10\/laura-cavalli-servicios-interpretacion-ingles-italiano.webp"},"sameAs":["https:\/\/lacavalli.com","https:\/\/www.instagram.com\/lacavalliracconta\/","http:\/\/www.linkedin.com\/in\/lacavalli"]}]}},"_links":{"self":[{"href":"https:\/\/lacavalli.com\/es\/wp-json\/wp\/v2\/pages\/335","targetHints":{"allow":["GET"]}}],"collection":[{"href":"https:\/\/lacavalli.com\/es\/wp-json\/wp\/v2\/pages"}],"about":[{"href":"https:\/\/lacavalli.com\/es\/wp-json\/wp\/v2\/types\/page"}],"author":[{"embeddable":true,"href":"https:\/\/lacavalli.com\/es\/wp-json\/wp\/v2\/users\/2"}],"replies":[{"embeddable":true,"href":"https:\/\/lacavalli.com\/es\/wp-json\/wp\/v2\/comments?post=335"}],"version-history":[{"count":2,"href":"https:\/\/lacavalli.com\/es\/wp-json\/wp\/v2\/pages\/335\/revisions"}],"predecessor-version":[{"id":583,"href":"https:\/\/lacavalli.com\/es\/wp-json\/wp\/v2\/pages\/335\/revisions\/583"}],"up":[{"embeddable":true,"href":"https:\/\/lacavalli.com\/es\/wp-json\/wp\/v2\/pages\/329"}],"wp:featuredmedia":[{"embeddable":true,"href":"https:\/\/lacavalli.com\/es\/wp-json\/wp\/v2\/media\/323"}],"wp:attachment":[{"href":"https:\/\/lacavalli.com\/es\/wp-json\/wp\/v2\/media?parent=335"}],"curies":[{"name":"wp","href":"https:\/\/api.w.org\/{rel}","templated":true}]}}