{"id":329,"date":"2023-10-06T14:05:44","date_gmt":"2023-10-06T12:05:44","guid":{"rendered":"https:\/\/dev.mielcafedesign.com\/lcdesign\/?page_id=329"},"modified":"2024-01-29T16:22:28","modified_gmt":"2024-01-29T15:22:28","slug":"ingles-italiano","status":"publish","type":"page","link":"https:\/\/lacavalli.com\/es\/ingles-italiano\/","title":{"rendered":"Del ingl\u00e9s al italiano y viceversa"},"content":{"rendered":"","protected":false},"excerpt":{"rendered":"","protected":false},"author":2,"featured_media":325,"parent":0,"menu_order":0,"comment_status":"closed","ping_status":"closed","template":"","meta":{"_monsterinsights_skip_tracking":false,"_monsterinsights_sitenote_active":false,"_monsterinsights_sitenote_note":"","_monsterinsights_sitenote_category":0,"footnotes":""},"class_list":["post-329","page","type-page","status-publish","has-post-thumbnail","hentry"],"yoast_head":"<!-- This site is optimized with the Yoast SEO plugin v27.2 - https:\/\/yoast.com\/product\/yoast-seo-wordpress\/ -->\n<title>Servicios de Interpretaci\u00f3n y Traducci\u00f3n Italiano-Ingl\u00e9s &#8226; Laura Cavalli<\/title>\n<meta name=\"description\" content=\"\u00bfEst\u00e1s buscando una profesional que pueda traducir para ti? Veamos juntos si lo que necesitas es una int\u00e9rprete o una traductora.\" \/>\n<meta name=\"robots\" content=\"index, follow, max-snippet:-1, max-image-preview:large, max-video-preview:-1\" \/>\n<link rel=\"canonical\" href=\"https:\/\/lacavalli.com\/es\/ingles-italiano\/\" \/>\n<meta property=\"og:locale\" content=\"es_ES\" \/>\n<meta property=\"og:type\" content=\"article\" \/>\n<meta property=\"og:title\" content=\"Servicios de Interpretaci\u00f3n y Traducci\u00f3n Italiano-Ingl\u00e9s &#8226; Laura Cavalli\" \/>\n<meta property=\"og:description\" content=\"\u00bfEst\u00e1s buscando una profesional que pueda traducir para ti? Veamos juntos si lo que necesitas es una int\u00e9rprete o una traductora.\" \/>\n<meta property=\"og:url\" content=\"https:\/\/lacavalli.com\/es\/ingles-italiano\/\" \/>\n<meta property=\"og:site_name\" content=\"Laura Cavalli\" \/>\n<meta property=\"article:modified_time\" content=\"2024-01-29T15:22:28+00:00\" \/>\n<meta property=\"og:image\" content=\"https:\/\/lacavalli.com\/es\/wp-content\/uploads\/sites\/3\/2023\/10\/ingles-italiano-interprete.webp\" \/>\n\t<meta property=\"og:image:width\" content=\"1500\" \/>\n\t<meta property=\"og:image:height\" content=\"2664\" \/>\n\t<meta property=\"og:image:type\" content=\"image\/webp\" \/>\n<meta name=\"twitter:card\" content=\"summary_large_image\" \/>\n<script type=\"application\/ld+json\" class=\"yoast-schema-graph\">{\"@context\":\"https:\/\/schema.org\",\"@graph\":[{\"@type\":\"WebPage\",\"@id\":\"https:\/\/lacavalli.com\/es\/ingles-italiano\/\",\"url\":\"https:\/\/lacavalli.com\/es\/ingles-italiano\/\",\"name\":\"Servicios de Interpretaci\u00f3n y Traducci\u00f3n Italiano-Ingl\u00e9s &#8226; Laura Cavalli\",\"isPartOf\":{\"@id\":\"https:\/\/lacavalli.com\/es\/#website\"},\"primaryImageOfPage\":{\"@id\":\"https:\/\/lacavalli.com\/es\/ingles-italiano\/#primaryimage\"},\"image\":{\"@id\":\"https:\/\/lacavalli.com\/es\/ingles-italiano\/#primaryimage\"},\"thumbnailUrl\":\"https:\/\/lacavalli.com\/es\/wp-content\/uploads\/sites\/3\/2023\/10\/ingles-italiano-interprete.webp\",\"datePublished\":\"2023-10-06T12:05:44+00:00\",\"dateModified\":\"2024-01-29T15:22:28+00:00\",\"description\":\"\u00bfEst\u00e1s buscando una profesional que pueda traducir para ti? Veamos juntos si lo que necesitas es una int\u00e9rprete o una traductora.\",\"breadcrumb\":{\"@id\":\"https:\/\/lacavalli.com\/es\/ingles-italiano\/#breadcrumb\"},\"inLanguage\":\"es\",\"potentialAction\":[{\"@type\":\"ReadAction\",\"target\":[\"https:\/\/lacavalli.com\/es\/ingles-italiano\/\"]}]},{\"@type\":\"ImageObject\",\"inLanguage\":\"es\",\"@id\":\"https:\/\/lacavalli.com\/es\/ingles-italiano\/#primaryimage\",\"url\":\"https:\/\/lacavalli.com\/es\/wp-content\/uploads\/sites\/3\/2023\/10\/ingles-italiano-interprete.webp\",\"contentUrl\":\"https:\/\/lacavalli.com\/es\/wp-content\/uploads\/sites\/3\/2023\/10\/ingles-italiano-interprete.webp\",\"width\":1500,\"height\":2664,\"caption\":\"Ingl\u00e9s italiano int\u00e9rprete\"},{\"@type\":\"BreadcrumbList\",\"@id\":\"https:\/\/lacavalli.com\/es\/ingles-italiano\/#breadcrumb\",\"itemListElement\":[{\"@type\":\"ListItem\",\"position\":1,\"name\":\"Home\",\"item\":\"https:\/\/lacavalli.com\/es\/\"},{\"@type\":\"ListItem\",\"position\":2,\"name\":\"Del ingl\u00e9s al italiano y viceversa\"}]},{\"@type\":\"WebSite\",\"@id\":\"https:\/\/lacavalli.com\/es\/#website\",\"url\":\"https:\/\/lacavalli.com\/es\/\",\"name\":\"Laura Cavalli\",\"description\":\"Int\u00e9rprete y traductora\",\"publisher\":{\"@id\":\"https:\/\/lacavalli.com\/es\/#\/schema\/person\/b4eb4fd0ec38998726ae07a20811b10e\"},\"potentialAction\":[{\"@type\":\"SearchAction\",\"target\":{\"@type\":\"EntryPoint\",\"urlTemplate\":\"https:\/\/lacavalli.com\/es\/?s={search_term_string}\"},\"query-input\":{\"@type\":\"PropertyValueSpecification\",\"valueRequired\":true,\"valueName\":\"search_term_string\"}}],\"inLanguage\":\"es\"},{\"@type\":[\"Person\",\"Organization\"],\"@id\":\"https:\/\/lacavalli.com\/es\/#\/schema\/person\/b4eb4fd0ec38998726ae07a20811b10e\",\"name\":\"Laura Cavalli\",\"image\":{\"@type\":\"ImageObject\",\"inLanguage\":\"es\",\"@id\":\"https:\/\/lacavalli.com\/es\/wp-content\/uploads\/sites\/3\/2023\/10\/laura-cavalli-servicios-interpretacion-ingles-italiano.webp\",\"url\":\"https:\/\/lacavalli.com\/es\/wp-content\/uploads\/sites\/3\/2023\/10\/laura-cavalli-servicios-interpretacion-ingles-italiano.webp\",\"contentUrl\":\"https:\/\/lacavalli.com\/es\/wp-content\/uploads\/sites\/3\/2023\/10\/laura-cavalli-servicios-interpretacion-ingles-italiano.webp\",\"width\":1500,\"height\":2664,\"caption\":\"Laura Cavalli\"},\"logo\":{\"@id\":\"https:\/\/lacavalli.com\/es\/wp-content\/uploads\/sites\/3\/2023\/10\/laura-cavalli-servicios-interpretacion-ingles-italiano.webp\"},\"sameAs\":[\"https:\/\/lacavalli.com\",\"https:\/\/www.instagram.com\/lacavalliracconta\/\",\"http:\/\/www.linkedin.com\/in\/lacavalli\"]}]}<\/script>\n<!-- \/ Yoast SEO plugin. -->","yoast_head_json":{"title":"Servicios de Interpretaci\u00f3n y Traducci\u00f3n Italiano-Ingl\u00e9s &#8226; Laura Cavalli","description":"\u00bfEst\u00e1s buscando una profesional que pueda traducir para ti? Veamos juntos si lo que necesitas es una int\u00e9rprete o una traductora.","robots":{"index":"index","follow":"follow","max-snippet":"max-snippet:-1","max-image-preview":"max-image-preview:large","max-video-preview":"max-video-preview:-1"},"canonical":"https:\/\/lacavalli.com\/es\/ingles-italiano\/","og_locale":"es_ES","og_type":"article","og_title":"Servicios de Interpretaci\u00f3n y Traducci\u00f3n Italiano-Ingl\u00e9s &#8226; Laura Cavalli","og_description":"\u00bfEst\u00e1s buscando una profesional que pueda traducir para ti? Veamos juntos si lo que necesitas es una int\u00e9rprete o una traductora.","og_url":"https:\/\/lacavalli.com\/es\/ingles-italiano\/","og_site_name":"Laura Cavalli","article_modified_time":"2024-01-29T15:22:28+00:00","og_image":[{"width":1500,"height":2664,"url":"https:\/\/lacavalli.com\/es\/wp-content\/uploads\/sites\/3\/2023\/10\/ingles-italiano-interprete.webp","type":"image\/webp"}],"twitter_card":"summary_large_image","schema":{"@context":"https:\/\/schema.org","@graph":[{"@type":"WebPage","@id":"https:\/\/lacavalli.com\/es\/ingles-italiano\/","url":"https:\/\/lacavalli.com\/es\/ingles-italiano\/","name":"Servicios de Interpretaci\u00f3n y Traducci\u00f3n Italiano-Ingl\u00e9s &#8226; Laura Cavalli","isPartOf":{"@id":"https:\/\/lacavalli.com\/es\/#website"},"primaryImageOfPage":{"@id":"https:\/\/lacavalli.com\/es\/ingles-italiano\/#primaryimage"},"image":{"@id":"https:\/\/lacavalli.com\/es\/ingles-italiano\/#primaryimage"},"thumbnailUrl":"https:\/\/lacavalli.com\/es\/wp-content\/uploads\/sites\/3\/2023\/10\/ingles-italiano-interprete.webp","datePublished":"2023-10-06T12:05:44+00:00","dateModified":"2024-01-29T15:22:28+00:00","description":"\u00bfEst\u00e1s buscando una profesional que pueda traducir para ti? Veamos juntos si lo que necesitas es una int\u00e9rprete o una traductora.","breadcrumb":{"@id":"https:\/\/lacavalli.com\/es\/ingles-italiano\/#breadcrumb"},"inLanguage":"es","potentialAction":[{"@type":"ReadAction","target":["https:\/\/lacavalli.com\/es\/ingles-italiano\/"]}]},{"@type":"ImageObject","inLanguage":"es","@id":"https:\/\/lacavalli.com\/es\/ingles-italiano\/#primaryimage","url":"https:\/\/lacavalli.com\/es\/wp-content\/uploads\/sites\/3\/2023\/10\/ingles-italiano-interprete.webp","contentUrl":"https:\/\/lacavalli.com\/es\/wp-content\/uploads\/sites\/3\/2023\/10\/ingles-italiano-interprete.webp","width":1500,"height":2664,"caption":"Ingl\u00e9s italiano int\u00e9rprete"},{"@type":"BreadcrumbList","@id":"https:\/\/lacavalli.com\/es\/ingles-italiano\/#breadcrumb","itemListElement":[{"@type":"ListItem","position":1,"name":"Home","item":"https:\/\/lacavalli.com\/es\/"},{"@type":"ListItem","position":2,"name":"Del ingl\u00e9s al italiano y viceversa"}]},{"@type":"WebSite","@id":"https:\/\/lacavalli.com\/es\/#website","url":"https:\/\/lacavalli.com\/es\/","name":"Laura Cavalli","description":"Int\u00e9rprete y traductora","publisher":{"@id":"https:\/\/lacavalli.com\/es\/#\/schema\/person\/b4eb4fd0ec38998726ae07a20811b10e"},"potentialAction":[{"@type":"SearchAction","target":{"@type":"EntryPoint","urlTemplate":"https:\/\/lacavalli.com\/es\/?s={search_term_string}"},"query-input":{"@type":"PropertyValueSpecification","valueRequired":true,"valueName":"search_term_string"}}],"inLanguage":"es"},{"@type":["Person","Organization"],"@id":"https:\/\/lacavalli.com\/es\/#\/schema\/person\/b4eb4fd0ec38998726ae07a20811b10e","name":"Laura Cavalli","image":{"@type":"ImageObject","inLanguage":"es","@id":"https:\/\/lacavalli.com\/es\/wp-content\/uploads\/sites\/3\/2023\/10\/laura-cavalli-servicios-interpretacion-ingles-italiano.webp","url":"https:\/\/lacavalli.com\/es\/wp-content\/uploads\/sites\/3\/2023\/10\/laura-cavalli-servicios-interpretacion-ingles-italiano.webp","contentUrl":"https:\/\/lacavalli.com\/es\/wp-content\/uploads\/sites\/3\/2023\/10\/laura-cavalli-servicios-interpretacion-ingles-italiano.webp","width":1500,"height":2664,"caption":"Laura Cavalli"},"logo":{"@id":"https:\/\/lacavalli.com\/es\/wp-content\/uploads\/sites\/3\/2023\/10\/laura-cavalli-servicios-interpretacion-ingles-italiano.webp"},"sameAs":["https:\/\/lacavalli.com","https:\/\/www.instagram.com\/lacavalliracconta\/","http:\/\/www.linkedin.com\/in\/lacavalli"]}]}},"_links":{"self":[{"href":"https:\/\/lacavalli.com\/es\/wp-json\/wp\/v2\/pages\/329","targetHints":{"allow":["GET"]}}],"collection":[{"href":"https:\/\/lacavalli.com\/es\/wp-json\/wp\/v2\/pages"}],"about":[{"href":"https:\/\/lacavalli.com\/es\/wp-json\/wp\/v2\/types\/page"}],"author":[{"embeddable":true,"href":"https:\/\/lacavalli.com\/es\/wp-json\/wp\/v2\/users\/2"}],"replies":[{"embeddable":true,"href":"https:\/\/lacavalli.com\/es\/wp-json\/wp\/v2\/comments?post=329"}],"version-history":[{"count":1,"href":"https:\/\/lacavalli.com\/es\/wp-json\/wp\/v2\/pages\/329\/revisions"}],"predecessor-version":[{"id":560,"href":"https:\/\/lacavalli.com\/es\/wp-json\/wp\/v2\/pages\/329\/revisions\/560"}],"wp:featuredmedia":[{"embeddable":true,"href":"https:\/\/lacavalli.com\/es\/wp-json\/wp\/v2\/media\/325"}],"wp:attachment":[{"href":"https:\/\/lacavalli.com\/es\/wp-json\/wp\/v2\/media?parent=329"}],"curies":[{"name":"wp","href":"https:\/\/api.w.org\/{rel}","templated":true}]}}